{"id":2479,"date":"2025-02-28T06:15:06","date_gmt":"2025-02-28T11:15:06","guid":{"rendered":"https:\/\/mycorrhizas.org\/privacy-policy\/"},"modified":"2025-04-01T05:57:18","modified_gmt":"2025-04-01T09:57:18","slug":"politica-de-privacidad","status":"publish","type":"page","link":"https:\/\/mycorrhizas.org\/es\/politica-de-privacidad\/","title":{"rendered":"Pol\u00edtica de privacidad"},"content":{"rendered":"<h2>\u00bfQu\u00e9 hacemos con tu informaci\u00f3n?<\/h2>\n<p>Cuando compras algo en nuestro sitio web, como parte del proceso de compraventa, recopilamos la informaci\u00f3n personal que nos proporcionas, como tu nombre, direcci\u00f3n postal y correo electr\u00f3nico.<\/p>\n<p>Cuando navegas por nuestra tienda, tambi\u00e9n recibimos autom\u00e1ticamente la direcci\u00f3n IP de tu ordenador para obtener informaci\u00f3n que nos ayuda a conocer tu navegador y sistema operativo.<\/p>\n<p>Marketing por correo electr\u00f3nico (si corresponde): Con tu permiso, podr\u00edamos enviarte correos electr\u00f3nicos sobre nuestras membres\u00edas, nuevos art\u00edculos y otras actualizaciones.<\/p>\n<h2>Consentimiento<\/h2>\n<h3>\u00bfC\u00f3mo obtienen mi consentimiento?<\/h3>\n<p>Cuando nos proporcionas informaci\u00f3n personal para completar una transacci\u00f3n, implicamos que consientes que la recopilemos y utilicemos solo para ese fin espec\u00edfico.<\/p>\n<p>Si te solicitamos tu informaci\u00f3n personal por un motivo secundario, como marketing, te solicitaremos directamente tu consentimiento expreso o te daremos la oportunidad de negarte.<\/p>\n<h3>\u00bfC\u00f3mo puedo retirar mi consentimiento?<\/h3>\n<p>Si despu\u00e9s de suscribirse, cambia de opini\u00f3n, puede retirar su consentimiento para que nos pongamos en contacto con usted, para la recopilaci\u00f3n, el uso o la divulgaci\u00f3n continua de su informaci\u00f3n, en cualquier momento, escribi\u00e9ndonos a contact@mycorrhizas.org.<\/p>\n<h2>Divulgaci\u00f3n<\/h2>\n<p>Podemos divulgar su informaci\u00f3n personal si la ley nos lo exige o si usted infringe nuestros T\u00e9rminos de Servicio.<\/p>\n<h2>Stripe<\/h2>\n<p>Nuestra pasarela de pago es Stripe. Nos proporciona la plataforma de comercio electr\u00f3nico que nos permite venderle nuestros productos y servicios.<\/p>\n<p>Sus datos se almacenan a trav\u00e9s del almacenamiento de datos, las bases de datos y la aplicaci\u00f3n general de Shopify. Sus datos se almacenan en un servidor seguro protegido por un firewall.<\/p>\n<h3>Pago:<\/h3>\n<p>IMS International Mycorrhiza Society no almacena la informaci\u00f3n de su tarjeta de cr\u00e9dito.<\/p>\n<p>Si elige una pasarela de pago directo para completar su compra, Stripe almacenar\u00e1 los datos de su tarjeta de cr\u00e9dito. Est\u00e1 encriptada mediante el Est\u00e1ndar de Seguridad de Datos de la Industria de Tarjetas de Pago (PCI-DSS). Los datos de su transacci\u00f3n de compra se almacenan solo el tiempo necesario para completarla. Una vez completada, la informaci\u00f3n de su transacci\u00f3n se elimina.<\/p>\n<p>Todas las pasarelas de pago directo cumplen con los est\u00e1ndares establecidos por PCI-DSS, gestionados por el Consejo de Normas de Seguridad de PCI (PCI-DSS), un esfuerzo conjunto de marcas como Visa, MasterCard, American Express y Discover.<\/p>\n<p>Los requisitos de PCI-DSS ayudan a garantizar el manejo seguro de la informaci\u00f3n de tarjetas de cr\u00e9dito por parte de nuestra tienda y sus proveedores de servicios.<\/p>\n<p>Para obtener m\u00e1s informaci\u00f3n, tambi\u00e9n puede consultar las Condiciones de Servicio de Stripe aqu\u00ed o la Declaraci\u00f3n de Privacidad aqu\u00ed.<\/p>\n<h2>Servicios de terceros<\/h2>\n<p>En general, los proveedores externos que utilizamos solo recopilar\u00e1n, utilizar\u00e1n y divulgar\u00e1n su informaci\u00f3n en la medida necesaria para que puedan prestar los servicios que nos prestan.<\/p>\n<p>Sin embargo, algunos proveedores externos, como pasarelas de pago y otros procesadores de transacciones de pago, tienen sus propias pol\u00edticas de privacidad con respecto a la informaci\u00f3n que estamos obligados a proporcionarles para sus transacciones de compra.<\/p>\n<p>Le recomendamos leer las pol\u00edticas de privacidad de estos proveedores para comprender c\u00f3mo manejar\u00e1n su informaci\u00f3n personal.<\/p>\n<p>En particular, recuerde que algunos proveedores pueden estar ubicados o tener instalaciones en jurisdicciones diferentes a las suyas o a las nuestras. Por lo tanto, si decide realizar una transacci\u00f3n que involucre los servicios de un proveedor externo, su informaci\u00f3n podr\u00eda estar sujeta a las leyes de la(s) jurisdicci\u00f3n(es) donde se encuentre dicho proveedor o sus instalaciones.<\/p>\n<p>Por ejemplo, si se encuentra en Canad\u00e1 y su transacci\u00f3n se procesa mediante una pasarela de pago ubicada en Estados Unidos, su informaci\u00f3n personal utilizada para completar dicha transacci\u00f3n podr\u00eda estar sujeta a divulgaci\u00f3n seg\u00fan la legislaci\u00f3n estadounidense, incluida la Ley Patriota.<\/p>\n<p>Una vez que abandone el sitio web de nuestra tienda o sea redirigido a un sitio web o aplicaci\u00f3n de terceros, ya no estar\u00e1 sujeto a esta Pol\u00edtica de Privacidad ni a las Condiciones de Servicio de nuestro sitio web.<\/p>\n<h3>Enlaces<\/h3>\n<p>Al hacer clic en enlaces de nuestro sitio, es posible que lo dirijan fuera del mismo. No somos responsables de las pr\u00e1cticas de privacidad de otros sitios y le recomendamos leer sus declaraciones de privacidad.<\/p>\n<h2>Seguridad<\/h2>\n<p>Para proteger su informaci\u00f3n personal, tomamos precauciones razonables y seguimos las mejores pr\u00e1cticas de la industria para garantizar que no se pierda, use indebidamente, acceda, divulgue, altere ni destruya de forma inapropiada.<\/p>\n<p>IMS International Mycorrhiza Society no almacena la informaci\u00f3n de su tarjeta de cr\u00e9dito en su cuenta. Pasarelas de pago como Stripe. Si nos proporciona la informaci\u00f3n de su tarjeta de cr\u00e9dito, esta se cifra mediante la tecnolog\u00eda Secure Socket Layer (SSL) y se almacena con un cifrado AES-256. Si bien ning\u00fan m\u00e9todo de transmisi\u00f3n por Internet o almacenamiento electr\u00f3nico es 100 % seguro, cumplimos con todos los requisitos de PCI-DSS e implementamos est\u00e1ndares adicionales generalmente aceptados de la industria.<\/p>\n<h2>Edad de consentimiento<\/h2>\n<p>Al utilizar este sitio, usted declara que es mayor de edad en su estado o provincia de residencia, o que es mayor de edad en su estado o provincia de residencia y que nos ha dado su consentimiento para permitir que cualquiera de sus dependientes menores de edad utilice este sitio. Cambios a esta pol\u00edtica de privacidad<br \/>\nNos reservamos el derecho de modificar esta pol\u00edtica de privacidad en cualquier momento, por lo que le recomendamos revisarla con frecuencia. Los cambios y aclaraciones entrar\u00e1n en vigor inmediatamente despu\u00e9s de su publicaci\u00f3n en el sitio web. Si realizamos cambios sustanciales a esta pol\u00edtica, le notificaremos aqu\u00ed su actualizaci\u00f3n para que est\u00e9 al tanto de qu\u00e9 informaci\u00f3n recopilamos, c\u00f3mo la usamos y bajo qu\u00e9 circunstancias, si las hubiera, la usamos o divulgamos.<\/p>\n<h3>Preguntas e informaci\u00f3n de contacto<\/h3>\n<p>Si desea acceder, corregir, modificar o eliminar cualquier informaci\u00f3n personal que tengamos sobre usted, presentar una queja o simplemente desea m\u00e1s informaci\u00f3n, cont\u00e1ctenos en contact@mycorrhizas.org<\/p>\n","protected":false},"excerpt":{"rendered":"<p>\u00bfQu\u00e9 hacemos con tu informaci\u00f3n? Cuando compras algo en nuestro sitio web, como parte del proceso de compraventa, recopilamos la informaci\u00f3n personal que nos proporcionas, como tu nombre, direcci\u00f3n postal y correo electr\u00f3nico. Cuando navegas por nuestra tienda, tambi\u00e9n recibimos autom\u00e1ticamente la direcci\u00f3n IP de tu ordenador para obtener informaci\u00f3n que nos ayuda a conocer [&hellip;]<\/p>\n","protected":false},"author":1,"featured_media":0,"parent":0,"menu_order":0,"comment_status":"closed","ping_status":"open","template":"templates\/text.php","meta":{"_acf_changed":false,"inline_featured_image":false,"footnotes":""},"class_list":["post-2479","page","type-page","status-publish","hentry"],"acf":[],"yoast_head":"<!-- This site is optimized with the Yoast SEO plugin v26.9 - https:\/\/yoast.com\/product\/yoast-seo-wordpress\/ -->\n<title>Pol\u00edtica de privacidad - International Mycorrhiza Society<\/title>\n<meta name=\"robots\" content=\"index, follow, max-snippet:-1, max-image-preview:large, max-video-preview:-1\" \/>\n<link rel=\"canonical\" href=\"https:\/\/mycorrhizas.org\/es\/politica-de-privacidad\/\" \/>\n<meta property=\"og:locale\" content=\"es_ES\" \/>\n<meta property=\"og:type\" content=\"article\" \/>\n<meta property=\"og:title\" content=\"Pol\u00edtica de privacidad - International Mycorrhiza Society\" \/>\n<meta property=\"og:description\" content=\"\u00bfQu\u00e9 hacemos con tu informaci\u00f3n? Cuando compras algo en nuestro sitio web, como parte del proceso de compraventa, recopilamos la informaci\u00f3n personal que nos proporcionas, como tu nombre, direcci\u00f3n postal y correo electr\u00f3nico. Cuando navegas por nuestra tienda, tambi\u00e9n recibimos autom\u00e1ticamente la direcci\u00f3n IP de tu ordenador para obtener informaci\u00f3n que nos ayuda a conocer [&hellip;]\" \/>\n<meta property=\"og:url\" content=\"https:\/\/mycorrhizas.org\/es\/politica-de-privacidad\/\" \/>\n<meta property=\"og:site_name\" content=\"International Mycorrhiza Society\" \/>\n<meta property=\"article:publisher\" content=\"https:\/\/www.facebook.com\/internationalmycorrhizasociety\/\" \/>\n<meta property=\"article:modified_time\" content=\"2025-04-01T09:57:18+00:00\" \/>\n<meta property=\"og:image\" content=\"https:\/\/mycorrhizas.org\/wp-content\/uploads\/2025\/04\/ims.webp\" \/>\n\t<meta property=\"og:image:width\" content=\"1200\" \/>\n\t<meta property=\"og:image:height\" content=\"675\" \/>\n\t<meta property=\"og:image:type\" content=\"image\/webp\" \/>\n<meta name=\"twitter:card\" content=\"summary_large_image\" \/>\n<meta name=\"twitter:site\" content=\"@mycorrhiza_ims\" \/>\n<meta name=\"twitter:label1\" content=\"Tiempo de lectura\" \/>\n\t<meta name=\"twitter:data1\" content=\"5 minutos\" \/>\n<script type=\"application\/ld+json\" class=\"yoast-schema-graph\">{\"@context\":\"https:\/\/schema.org\",\"@graph\":[{\"@type\":\"WebPage\",\"@id\":\"https:\/\/mycorrhizas.org\/es\/politica-de-privacidad\/\",\"url\":\"https:\/\/mycorrhizas.org\/es\/politica-de-privacidad\/\",\"name\":\"Pol\u00edtica de privacidad - International Mycorrhiza Society\",\"isPartOf\":{\"@id\":\"https:\/\/mycorrhizas.org\/#website\"},\"datePublished\":\"2025-02-28T11:15:06+00:00\",\"dateModified\":\"2025-04-01T09:57:18+00:00\",\"breadcrumb\":{\"@id\":\"https:\/\/mycorrhizas.org\/es\/politica-de-privacidad\/#breadcrumb\"},\"inLanguage\":\"es\",\"potentialAction\":[{\"@type\":\"ReadAction\",\"target\":[\"https:\/\/mycorrhizas.org\/es\/politica-de-privacidad\/\"]}]},{\"@type\":\"BreadcrumbList\",\"@id\":\"https:\/\/mycorrhizas.org\/es\/politica-de-privacidad\/#breadcrumb\",\"itemListElement\":[{\"@type\":\"ListItem\",\"position\":1,\"name\":\"Home\",\"item\":\"https:\/\/mycorrhizas.org\/es\/\"},{\"@type\":\"ListItem\",\"position\":2,\"name\":\"Pol\u00edtica de privacidad\"}]},{\"@type\":\"WebSite\",\"@id\":\"https:\/\/mycorrhizas.org\/#website\",\"url\":\"https:\/\/mycorrhizas.org\/\",\"name\":\"IMS International Mycorrhiza Society\",\"description\":\"\",\"publisher\":{\"@id\":\"https:\/\/mycorrhizas.org\/#organization\"},\"potentialAction\":[{\"@type\":\"SearchAction\",\"target\":{\"@type\":\"EntryPoint\",\"urlTemplate\":\"https:\/\/mycorrhizas.org\/?s={search_term_string}\"},\"query-input\":{\"@type\":\"PropertyValueSpecification\",\"valueRequired\":true,\"valueName\":\"search_term_string\"}}],\"inLanguage\":\"es\"},{\"@type\":\"Organization\",\"@id\":\"https:\/\/mycorrhizas.org\/#organization\",\"name\":\"IMS International Mycorrhiza Society\",\"url\":\"https:\/\/mycorrhizas.org\/\",\"logo\":{\"@type\":\"ImageObject\",\"inLanguage\":\"es\",\"@id\":\"https:\/\/mycorrhizas.org\/#\/schema\/logo\/image\/\",\"url\":\"https:\/\/mycorrhizas.org\/wp-content\/uploads\/2025\/04\/ims_square.webp\",\"contentUrl\":\"https:\/\/mycorrhizas.org\/wp-content\/uploads\/2025\/04\/ims_square.webp\",\"width\":696,\"height\":696,\"caption\":\"IMS International Mycorrhiza Society\"},\"image\":{\"@id\":\"https:\/\/mycorrhizas.org\/#\/schema\/logo\/image\/\"},\"sameAs\":[\"https:\/\/www.facebook.com\/internationalmycorrhizasociety\/\",\"https:\/\/x.com\/mycorrhiza_ims\",\"https:\/\/www.instagram.com\/mycorrhiza_ims\/\"]}]}<\/script>\n<!-- \/ Yoast SEO plugin. -->","yoast_head_json":{"title":"Pol\u00edtica de privacidad - International Mycorrhiza Society","robots":{"index":"index","follow":"follow","max-snippet":"max-snippet:-1","max-image-preview":"max-image-preview:large","max-video-preview":"max-video-preview:-1"},"canonical":"https:\/\/mycorrhizas.org\/es\/politica-de-privacidad\/","og_locale":"es_ES","og_type":"article","og_title":"Pol\u00edtica de privacidad - International Mycorrhiza Society","og_description":"\u00bfQu\u00e9 hacemos con tu informaci\u00f3n? Cuando compras algo en nuestro sitio web, como parte del proceso de compraventa, recopilamos la informaci\u00f3n personal que nos proporcionas, como tu nombre, direcci\u00f3n postal y correo electr\u00f3nico. Cuando navegas por nuestra tienda, tambi\u00e9n recibimos autom\u00e1ticamente la direcci\u00f3n IP de tu ordenador para obtener informaci\u00f3n que nos ayuda a conocer [&hellip;]","og_url":"https:\/\/mycorrhizas.org\/es\/politica-de-privacidad\/","og_site_name":"International Mycorrhiza Society","article_publisher":"https:\/\/www.facebook.com\/internationalmycorrhizasociety\/","article_modified_time":"2025-04-01T09:57:18+00:00","og_image":[{"width":1200,"height":675,"url":"https:\/\/mycorrhizas.org\/wp-content\/uploads\/2025\/04\/ims.webp","type":"image\/webp"}],"twitter_card":"summary_large_image","twitter_site":"@mycorrhiza_ims","twitter_misc":{"Tiempo de lectura":"5 minutos"},"schema":{"@context":"https:\/\/schema.org","@graph":[{"@type":"WebPage","@id":"https:\/\/mycorrhizas.org\/es\/politica-de-privacidad\/","url":"https:\/\/mycorrhizas.org\/es\/politica-de-privacidad\/","name":"Pol\u00edtica de privacidad - International Mycorrhiza Society","isPartOf":{"@id":"https:\/\/mycorrhizas.org\/#website"},"datePublished":"2025-02-28T11:15:06+00:00","dateModified":"2025-04-01T09:57:18+00:00","breadcrumb":{"@id":"https:\/\/mycorrhizas.org\/es\/politica-de-privacidad\/#breadcrumb"},"inLanguage":"es","potentialAction":[{"@type":"ReadAction","target":["https:\/\/mycorrhizas.org\/es\/politica-de-privacidad\/"]}]},{"@type":"BreadcrumbList","@id":"https:\/\/mycorrhizas.org\/es\/politica-de-privacidad\/#breadcrumb","itemListElement":[{"@type":"ListItem","position":1,"name":"Home","item":"https:\/\/mycorrhizas.org\/es\/"},{"@type":"ListItem","position":2,"name":"Pol\u00edtica de privacidad"}]},{"@type":"WebSite","@id":"https:\/\/mycorrhizas.org\/#website","url":"https:\/\/mycorrhizas.org\/","name":"IMS International Mycorrhiza Society","description":"","publisher":{"@id":"https:\/\/mycorrhizas.org\/#organization"},"potentialAction":[{"@type":"SearchAction","target":{"@type":"EntryPoint","urlTemplate":"https:\/\/mycorrhizas.org\/?s={search_term_string}"},"query-input":{"@type":"PropertyValueSpecification","valueRequired":true,"valueName":"search_term_string"}}],"inLanguage":"es"},{"@type":"Organization","@id":"https:\/\/mycorrhizas.org\/#organization","name":"IMS International Mycorrhiza Society","url":"https:\/\/mycorrhizas.org\/","logo":{"@type":"ImageObject","inLanguage":"es","@id":"https:\/\/mycorrhizas.org\/#\/schema\/logo\/image\/","url":"https:\/\/mycorrhizas.org\/wp-content\/uploads\/2025\/04\/ims_square.webp","contentUrl":"https:\/\/mycorrhizas.org\/wp-content\/uploads\/2025\/04\/ims_square.webp","width":696,"height":696,"caption":"IMS International Mycorrhiza Society"},"image":{"@id":"https:\/\/mycorrhizas.org\/#\/schema\/logo\/image\/"},"sameAs":["https:\/\/www.facebook.com\/internationalmycorrhizasociety\/","https:\/\/x.com\/mycorrhiza_ims","https:\/\/www.instagram.com\/mycorrhiza_ims\/"]}]}},"_links":{"self":[{"href":"https:\/\/mycorrhizas.org\/es\/wp-json\/wp\/v2\/pages\/2479","targetHints":{"allow":["GET"]}}],"collection":[{"href":"https:\/\/mycorrhizas.org\/es\/wp-json\/wp\/v2\/pages"}],"about":[{"href":"https:\/\/mycorrhizas.org\/es\/wp-json\/wp\/v2\/types\/page"}],"author":[{"embeddable":true,"href":"https:\/\/mycorrhizas.org\/es\/wp-json\/wp\/v2\/users\/1"}],"replies":[{"embeddable":true,"href":"https:\/\/mycorrhizas.org\/es\/wp-json\/wp\/v2\/comments?post=2479"}],"version-history":[{"count":5,"href":"https:\/\/mycorrhizas.org\/es\/wp-json\/wp\/v2\/pages\/2479\/revisions"}],"predecessor-version":[{"id":2586,"href":"https:\/\/mycorrhizas.org\/es\/wp-json\/wp\/v2\/pages\/2479\/revisions\/2586"}],"wp:attachment":[{"href":"https:\/\/mycorrhizas.org\/es\/wp-json\/wp\/v2\/media?parent=2479"}],"curies":[{"name":"wp","href":"https:\/\/api.w.org\/{rel}","templated":true}]}}