{"id":11,"date":"2025-02-28T06:15:06","date_gmt":"2025-02-28T11:15:06","guid":{"rendered":"https:\/\/mycorrhizas.org\/?page_id=11"},"modified":"2025-04-01T10:53:10","modified_gmt":"2025-04-01T14:53:10","slug":"accueil","status":"publish","type":"page","link":"https:\/\/mycorrhizas.org\/fr\/","title":{"rendered":"Accueil"},"content":{"rendered":"","protected":false},"excerpt":{"rendered":"","protected":false},"author":1,"featured_media":0,"parent":0,"menu_order":0,"comment_status":"closed","ping_status":"open","template":"","meta":{"_acf_changed":false,"inline_featured_image":false,"footnotes":""},"class_list":["post-11","page","type-page","status-publish","hentry"],"acf":[],"yoast_head":"<!-- This site is optimized with the Yoast SEO plugin v26.9 - https:\/\/yoast.com\/product\/yoast-seo-wordpress\/ -->\n<title>Accueil - IMS International Mycorrhiza Society<\/title>\n<meta name=\"description\" content=\"L\u2019IMS est une soci\u00e9t\u00e9 scientifique internationale unique impliqu\u00e9e dans l\u2019avancement de l\u2019\u00e9ducation, de la recherche et du d\u00e9veloppement dans le domaine de la symbiose mycorhizienne entre les plantes et les champignons sp\u00e9cialis\u00e9s du sol.\" \/>\n<meta name=\"robots\" content=\"index, follow, max-snippet:-1, max-image-preview:large, max-video-preview:-1\" \/>\n<link rel=\"canonical\" href=\"https:\/\/mycorrhizas.org\/fr\/\" \/>\n<meta property=\"og:locale\" content=\"fr_FR\" \/>\n<meta property=\"og:type\" content=\"article\" \/>\n<meta property=\"og:title\" content=\"Accueil - IMS International Mycorrhiza Society\" \/>\n<meta property=\"og:description\" content=\"L\u2019IMS est une soci\u00e9t\u00e9 scientifique internationale unique impliqu\u00e9e dans l\u2019avancement de l\u2019\u00e9ducation, de la recherche et du d\u00e9veloppement dans le domaine de la symbiose mycorhizienne entre les plantes et les champignons sp\u00e9cialis\u00e9s du sol.\" \/>\n<meta property=\"og:url\" content=\"https:\/\/mycorrhizas.org\/fr\/\" \/>\n<meta property=\"og:site_name\" content=\"IMS International Mycorrhiza Society\" \/>\n<meta property=\"article:publisher\" content=\"https:\/\/www.facebook.com\/internationalmycorrhizasociety\/\" \/>\n<meta property=\"article:modified_time\" content=\"2025-04-01T14:53:10+00:00\" \/>\n<meta property=\"og:image\" content=\"https:\/\/mycorrhizas.org\/wp-content\/uploads\/2025\/04\/ims.webp\" \/>\n\t<meta property=\"og:image:width\" content=\"1200\" \/>\n\t<meta property=\"og:image:height\" content=\"675\" \/>\n\t<meta property=\"og:image:type\" content=\"image\/webp\" \/>\n<meta name=\"twitter:card\" content=\"summary_large_image\" \/>\n<meta name=\"twitter:site\" content=\"@mycorrhiza_ims\" \/>\n<script type=\"application\/ld+json\" class=\"yoast-schema-graph\">{\"@context\":\"https:\/\/schema.org\",\"@graph\":[{\"@type\":\"WebPage\",\"@id\":\"https:\/\/mycorrhizas.org\/fr\/\",\"url\":\"https:\/\/mycorrhizas.org\/fr\/\",\"name\":\"Accueil - IMS International Mycorrhiza Society\",\"isPartOf\":{\"@id\":\"https:\/\/mycorrhizas.org\/#website\"},\"datePublished\":\"2025-02-28T11:15:06+00:00\",\"dateModified\":\"2025-04-01T14:53:10+00:00\",\"description\":\"L\u2019IMS est une soci\u00e9t\u00e9 scientifique internationale unique impliqu\u00e9e dans l\u2019avancement de l\u2019\u00e9ducation, de la recherche et du d\u00e9veloppement dans le domaine de la symbiose mycorhizienne entre les plantes et les champignons sp\u00e9cialis\u00e9s du sol.\",\"breadcrumb\":{\"@id\":\"https:\/\/mycorrhizas.org\/fr\/#breadcrumb\"},\"inLanguage\":\"fr-FR\",\"potentialAction\":[{\"@type\":\"ReadAction\",\"target\":[\"https:\/\/mycorrhizas.org\/fr\/\"]}]},{\"@type\":\"BreadcrumbList\",\"@id\":\"https:\/\/mycorrhizas.org\/fr\/#breadcrumb\",\"itemListElement\":[{\"@type\":\"ListItem\",\"position\":1,\"name\":\"Home\",\"item\":\"https:\/\/mycorrhizas.org\/fr\/\"},{\"@type\":\"ListItem\",\"position\":2,\"name\":\"Accueil\"}]},{\"@type\":\"WebSite\",\"@id\":\"https:\/\/mycorrhizas.org\/#website\",\"url\":\"https:\/\/mycorrhizas.org\/\",\"name\":\"IMS International Mycorrhiza Society\",\"description\":\"\",\"publisher\":{\"@id\":\"https:\/\/mycorrhizas.org\/#organization\"},\"potentialAction\":[{\"@type\":\"SearchAction\",\"target\":{\"@type\":\"EntryPoint\",\"urlTemplate\":\"https:\/\/mycorrhizas.org\/?s={search_term_string}\"},\"query-input\":{\"@type\":\"PropertyValueSpecification\",\"valueRequired\":true,\"valueName\":\"search_term_string\"}}],\"inLanguage\":\"fr-FR\"},{\"@type\":\"Organization\",\"@id\":\"https:\/\/mycorrhizas.org\/#organization\",\"name\":\"IMS International Mycorrhiza Society\",\"url\":\"https:\/\/mycorrhizas.org\/\",\"logo\":{\"@type\":\"ImageObject\",\"inLanguage\":\"fr-FR\",\"@id\":\"https:\/\/mycorrhizas.org\/#\/schema\/logo\/image\/\",\"url\":\"https:\/\/mycorrhizas.org\/wp-content\/uploads\/2025\/04\/ims_square.webp\",\"contentUrl\":\"https:\/\/mycorrhizas.org\/wp-content\/uploads\/2025\/04\/ims_square.webp\",\"width\":696,\"height\":696,\"caption\":\"IMS International Mycorrhiza Society\"},\"image\":{\"@id\":\"https:\/\/mycorrhizas.org\/#\/schema\/logo\/image\/\"},\"sameAs\":[\"https:\/\/www.facebook.com\/internationalmycorrhizasociety\/\",\"https:\/\/x.com\/mycorrhiza_ims\",\"https:\/\/www.instagram.com\/mycorrhiza_ims\/\"]}]}<\/script>\n<!-- \/ Yoast SEO plugin. -->","yoast_head_json":{"title":"Accueil - IMS International Mycorrhiza Society","description":"L\u2019IMS est une soci\u00e9t\u00e9 scientifique internationale unique impliqu\u00e9e dans l\u2019avancement de l\u2019\u00e9ducation, de la recherche et du d\u00e9veloppement dans le domaine de la symbiose mycorhizienne entre les plantes et les champignons sp\u00e9cialis\u00e9s du sol.","robots":{"index":"index","follow":"follow","max-snippet":"max-snippet:-1","max-image-preview":"max-image-preview:large","max-video-preview":"max-video-preview:-1"},"canonical":"https:\/\/mycorrhizas.org\/fr\/","og_locale":"fr_FR","og_type":"article","og_title":"Accueil - IMS International Mycorrhiza Society","og_description":"L\u2019IMS est une soci\u00e9t\u00e9 scientifique internationale unique impliqu\u00e9e dans l\u2019avancement de l\u2019\u00e9ducation, de la recherche et du d\u00e9veloppement dans le domaine de la symbiose mycorhizienne entre les plantes et les champignons sp\u00e9cialis\u00e9s du sol.","og_url":"https:\/\/mycorrhizas.org\/fr\/","og_site_name":"IMS International Mycorrhiza Society","article_publisher":"https:\/\/www.facebook.com\/internationalmycorrhizasociety\/","article_modified_time":"2025-04-01T14:53:10+00:00","og_image":[{"width":1200,"height":675,"url":"https:\/\/mycorrhizas.org\/wp-content\/uploads\/2025\/04\/ims.webp","type":"image\/webp"}],"twitter_card":"summary_large_image","twitter_site":"@mycorrhiza_ims","schema":{"@context":"https:\/\/schema.org","@graph":[{"@type":"WebPage","@id":"https:\/\/mycorrhizas.org\/fr\/","url":"https:\/\/mycorrhizas.org\/fr\/","name":"Accueil - IMS International Mycorrhiza Society","isPartOf":{"@id":"https:\/\/mycorrhizas.org\/#website"},"datePublished":"2025-02-28T11:15:06+00:00","dateModified":"2025-04-01T14:53:10+00:00","description":"L\u2019IMS est une soci\u00e9t\u00e9 scientifique internationale unique impliqu\u00e9e dans l\u2019avancement de l\u2019\u00e9ducation, de la recherche et du d\u00e9veloppement dans le domaine de la symbiose mycorhizienne entre les plantes et les champignons sp\u00e9cialis\u00e9s du sol.","breadcrumb":{"@id":"https:\/\/mycorrhizas.org\/fr\/#breadcrumb"},"inLanguage":"fr-FR","potentialAction":[{"@type":"ReadAction","target":["https:\/\/mycorrhizas.org\/fr\/"]}]},{"@type":"BreadcrumbList","@id":"https:\/\/mycorrhizas.org\/fr\/#breadcrumb","itemListElement":[{"@type":"ListItem","position":1,"name":"Home","item":"https:\/\/mycorrhizas.org\/fr\/"},{"@type":"ListItem","position":2,"name":"Accueil"}]},{"@type":"WebSite","@id":"https:\/\/mycorrhizas.org\/#website","url":"https:\/\/mycorrhizas.org\/","name":"IMS International Mycorrhiza Society","description":"","publisher":{"@id":"https:\/\/mycorrhizas.org\/#organization"},"potentialAction":[{"@type":"SearchAction","target":{"@type":"EntryPoint","urlTemplate":"https:\/\/mycorrhizas.org\/?s={search_term_string}"},"query-input":{"@type":"PropertyValueSpecification","valueRequired":true,"valueName":"search_term_string"}}],"inLanguage":"fr-FR"},{"@type":"Organization","@id":"https:\/\/mycorrhizas.org\/#organization","name":"IMS International Mycorrhiza Society","url":"https:\/\/mycorrhizas.org\/","logo":{"@type":"ImageObject","inLanguage":"fr-FR","@id":"https:\/\/mycorrhizas.org\/#\/schema\/logo\/image\/","url":"https:\/\/mycorrhizas.org\/wp-content\/uploads\/2025\/04\/ims_square.webp","contentUrl":"https:\/\/mycorrhizas.org\/wp-content\/uploads\/2025\/04\/ims_square.webp","width":696,"height":696,"caption":"IMS International Mycorrhiza Society"},"image":{"@id":"https:\/\/mycorrhizas.org\/#\/schema\/logo\/image\/"},"sameAs":["https:\/\/www.facebook.com\/internationalmycorrhizasociety\/","https:\/\/x.com\/mycorrhiza_ims","https:\/\/www.instagram.com\/mycorrhiza_ims\/"]}]}},"_links":{"self":[{"href":"https:\/\/mycorrhizas.org\/fr\/wp-json\/wp\/v2\/pages\/11","targetHints":{"allow":["GET"]}}],"collection":[{"href":"https:\/\/mycorrhizas.org\/fr\/wp-json\/wp\/v2\/pages"}],"about":[{"href":"https:\/\/mycorrhizas.org\/fr\/wp-json\/wp\/v2\/types\/page"}],"author":[{"embeddable":true,"href":"https:\/\/mycorrhizas.org\/fr\/wp-json\/wp\/v2\/users\/1"}],"replies":[{"embeddable":true,"href":"https:\/\/mycorrhizas.org\/fr\/wp-json\/wp\/v2\/comments?post=11"}],"version-history":[{"count":9,"href":"https:\/\/mycorrhizas.org\/fr\/wp-json\/wp\/v2\/pages\/11\/revisions"}],"predecessor-version":[{"id":2594,"href":"https:\/\/mycorrhizas.org\/fr\/wp-json\/wp\/v2\/pages\/11\/revisions\/2594"}],"wp:attachment":[{"href":"https:\/\/mycorrhizas.org\/fr\/wp-json\/wp\/v2\/media?parent=11"}],"curies":[{"name":"wp","href":"https:\/\/api.w.org\/{rel}","templated":true}]}}