{"id":2460,"date":"2025-03-03T05:28:23","date_gmt":"2025-03-03T10:28:23","guid":{"rendered":"https:\/\/mycorrhizas.org\/conferences\/"},"modified":"2025-04-07T09:06:43","modified_gmt":"2025-04-07T13:06:43","slug":"conferences","status":"publish","type":"page","link":"https:\/\/mycorrhizas.org\/fr\/conferences\/","title":{"rendered":"Conf\u00e9rences"},"content":{"rendered":"","protected":false},"excerpt":{"rendered":"","protected":false},"author":1,"featured_media":0,"parent":0,"menu_order":0,"comment_status":"closed","ping_status":"closed","template":"","meta":{"_acf_changed":false,"inline_featured_image":false,"footnotes":""},"class_list":["post-2460","page","type-page","status-publish","hentry"],"acf":[],"yoast_head":"<!-- This site is optimized with the Yoast SEO plugin v26.9 - https:\/\/yoast.com\/product\/yoast-seo-wordpress\/ -->\n<title>Conf\u00e9rences - IMS International Mycorrhiza Society<\/title>\n<meta name=\"description\" content=\"L&#039;ICOM offre un forum international pour tous les domaines scientifiques et appliqu\u00e9s de la symbiose mycorhizienne. La conf\u00e9rence permet aux participants de pr\u00e9senter leurs recherches actuelles \u00e0 la communaut\u00e9 internationale sous forme de pr\u00e9sentations orales ou de posters.\" \/>\n<meta name=\"robots\" content=\"index, follow, max-snippet:-1, max-image-preview:large, max-video-preview:-1\" \/>\n<link rel=\"canonical\" href=\"https:\/\/mycorrhizas.org\/fr\/conferences\/\" \/>\n<meta property=\"og:locale\" content=\"fr_FR\" \/>\n<meta property=\"og:type\" content=\"article\" \/>\n<meta property=\"og:title\" content=\"Conf\u00e9rences - IMS International Mycorrhiza Society\" \/>\n<meta property=\"og:description\" content=\"L&#039;ICOM offre un forum international pour tous les domaines scientifiques et appliqu\u00e9s de la symbiose mycorhizienne. La conf\u00e9rence permet aux participants de pr\u00e9senter leurs recherches actuelles \u00e0 la communaut\u00e9 internationale sous forme de pr\u00e9sentations orales ou de posters.\" \/>\n<meta property=\"og:url\" content=\"https:\/\/mycorrhizas.org\/fr\/conferences\/\" \/>\n<meta property=\"og:site_name\" content=\"IMS International Mycorrhiza Society\" \/>\n<meta property=\"article:publisher\" content=\"https:\/\/www.facebook.com\/internationalmycorrhizasociety\/\" \/>\n<meta property=\"article:modified_time\" content=\"2025-04-07T13:06:43+00:00\" \/>\n<meta property=\"og:image\" content=\"https:\/\/mycorrhizas.org\/wp-content\/uploads\/2025\/04\/ims.webp\" \/>\n\t<meta property=\"og:image:width\" content=\"1200\" \/>\n\t<meta property=\"og:image:height\" content=\"675\" \/>\n\t<meta property=\"og:image:type\" content=\"image\/webp\" \/>\n<meta name=\"twitter:card\" content=\"summary_large_image\" \/>\n<meta name=\"twitter:site\" content=\"@mycorrhiza_ims\" \/>\n<script type=\"application\/ld+json\" class=\"yoast-schema-graph\">{\"@context\":\"https:\/\/schema.org\",\"@graph\":[{\"@type\":\"WebPage\",\"@id\":\"https:\/\/mycorrhizas.org\/fr\/conferences\/\",\"url\":\"https:\/\/mycorrhizas.org\/fr\/conferences\/\",\"name\":\"Conf\u00e9rences - IMS International Mycorrhiza Society\",\"isPartOf\":{\"@id\":\"https:\/\/mycorrhizas.org\/#website\"},\"datePublished\":\"2025-03-03T10:28:23+00:00\",\"dateModified\":\"2025-04-07T13:06:43+00:00\",\"description\":\"L'ICOM offre un forum international pour tous les domaines scientifiques et appliqu\u00e9s de la symbiose mycorhizienne. La conf\u00e9rence permet aux participants de pr\u00e9senter leurs recherches actuelles \u00e0 la communaut\u00e9 internationale sous forme de pr\u00e9sentations orales ou de posters.\",\"breadcrumb\":{\"@id\":\"https:\/\/mycorrhizas.org\/fr\/conferences\/#breadcrumb\"},\"inLanguage\":\"fr-FR\",\"potentialAction\":[{\"@type\":\"ReadAction\",\"target\":[\"https:\/\/mycorrhizas.org\/fr\/conferences\/\"]}]},{\"@type\":\"BreadcrumbList\",\"@id\":\"https:\/\/mycorrhizas.org\/fr\/conferences\/#breadcrumb\",\"itemListElement\":[{\"@type\":\"ListItem\",\"position\":1,\"name\":\"Home\",\"item\":\"https:\/\/mycorrhizas.org\/fr\/\"},{\"@type\":\"ListItem\",\"position\":2,\"name\":\"Conf\u00e9rences\"}]},{\"@type\":\"WebSite\",\"@id\":\"https:\/\/mycorrhizas.org\/#website\",\"url\":\"https:\/\/mycorrhizas.org\/\",\"name\":\"IMS International Mycorrhiza Society\",\"description\":\"\",\"publisher\":{\"@id\":\"https:\/\/mycorrhizas.org\/#organization\"},\"potentialAction\":[{\"@type\":\"SearchAction\",\"target\":{\"@type\":\"EntryPoint\",\"urlTemplate\":\"https:\/\/mycorrhizas.org\/?s={search_term_string}\"},\"query-input\":{\"@type\":\"PropertyValueSpecification\",\"valueRequired\":true,\"valueName\":\"search_term_string\"}}],\"inLanguage\":\"fr-FR\"},{\"@type\":\"Organization\",\"@id\":\"https:\/\/mycorrhizas.org\/#organization\",\"name\":\"IMS International Mycorrhiza Society\",\"url\":\"https:\/\/mycorrhizas.org\/\",\"logo\":{\"@type\":\"ImageObject\",\"inLanguage\":\"fr-FR\",\"@id\":\"https:\/\/mycorrhizas.org\/#\/schema\/logo\/image\/\",\"url\":\"https:\/\/mycorrhizas.org\/wp-content\/uploads\/2025\/04\/ims_square.webp\",\"contentUrl\":\"https:\/\/mycorrhizas.org\/wp-content\/uploads\/2025\/04\/ims_square.webp\",\"width\":696,\"height\":696,\"caption\":\"IMS International Mycorrhiza Society\"},\"image\":{\"@id\":\"https:\/\/mycorrhizas.org\/#\/schema\/logo\/image\/\"},\"sameAs\":[\"https:\/\/www.facebook.com\/internationalmycorrhizasociety\/\",\"https:\/\/x.com\/mycorrhiza_ims\",\"https:\/\/www.instagram.com\/mycorrhiza_ims\/\"]}]}<\/script>\n<!-- \/ Yoast SEO plugin. -->","yoast_head_json":{"title":"Conf\u00e9rences - IMS International Mycorrhiza Society","description":"L'ICOM offre un forum international pour tous les domaines scientifiques et appliqu\u00e9s de la symbiose mycorhizienne. La conf\u00e9rence permet aux participants de pr\u00e9senter leurs recherches actuelles \u00e0 la communaut\u00e9 internationale sous forme de pr\u00e9sentations orales ou de posters.","robots":{"index":"index","follow":"follow","max-snippet":"max-snippet:-1","max-image-preview":"max-image-preview:large","max-video-preview":"max-video-preview:-1"},"canonical":"https:\/\/mycorrhizas.org\/fr\/conferences\/","og_locale":"fr_FR","og_type":"article","og_title":"Conf\u00e9rences - IMS International Mycorrhiza Society","og_description":"L'ICOM offre un forum international pour tous les domaines scientifiques et appliqu\u00e9s de la symbiose mycorhizienne. La conf\u00e9rence permet aux participants de pr\u00e9senter leurs recherches actuelles \u00e0 la communaut\u00e9 internationale sous forme de pr\u00e9sentations orales ou de posters.","og_url":"https:\/\/mycorrhizas.org\/fr\/conferences\/","og_site_name":"IMS International Mycorrhiza Society","article_publisher":"https:\/\/www.facebook.com\/internationalmycorrhizasociety\/","article_modified_time":"2025-04-07T13:06:43+00:00","og_image":[{"width":1200,"height":675,"url":"https:\/\/mycorrhizas.org\/wp-content\/uploads\/2025\/04\/ims.webp","type":"image\/webp"}],"twitter_card":"summary_large_image","twitter_site":"@mycorrhiza_ims","schema":{"@context":"https:\/\/schema.org","@graph":[{"@type":"WebPage","@id":"https:\/\/mycorrhizas.org\/fr\/conferences\/","url":"https:\/\/mycorrhizas.org\/fr\/conferences\/","name":"Conf\u00e9rences - IMS International Mycorrhiza Society","isPartOf":{"@id":"https:\/\/mycorrhizas.org\/#website"},"datePublished":"2025-03-03T10:28:23+00:00","dateModified":"2025-04-07T13:06:43+00:00","description":"L'ICOM offre un forum international pour tous les domaines scientifiques et appliqu\u00e9s de la symbiose mycorhizienne. La conf\u00e9rence permet aux participants de pr\u00e9senter leurs recherches actuelles \u00e0 la communaut\u00e9 internationale sous forme de pr\u00e9sentations orales ou de posters.","breadcrumb":{"@id":"https:\/\/mycorrhizas.org\/fr\/conferences\/#breadcrumb"},"inLanguage":"fr-FR","potentialAction":[{"@type":"ReadAction","target":["https:\/\/mycorrhizas.org\/fr\/conferences\/"]}]},{"@type":"BreadcrumbList","@id":"https:\/\/mycorrhizas.org\/fr\/conferences\/#breadcrumb","itemListElement":[{"@type":"ListItem","position":1,"name":"Home","item":"https:\/\/mycorrhizas.org\/fr\/"},{"@type":"ListItem","position":2,"name":"Conf\u00e9rences"}]},{"@type":"WebSite","@id":"https:\/\/mycorrhizas.org\/#website","url":"https:\/\/mycorrhizas.org\/","name":"IMS International Mycorrhiza Society","description":"","publisher":{"@id":"https:\/\/mycorrhizas.org\/#organization"},"potentialAction":[{"@type":"SearchAction","target":{"@type":"EntryPoint","urlTemplate":"https:\/\/mycorrhizas.org\/?s={search_term_string}"},"query-input":{"@type":"PropertyValueSpecification","valueRequired":true,"valueName":"search_term_string"}}],"inLanguage":"fr-FR"},{"@type":"Organization","@id":"https:\/\/mycorrhizas.org\/#organization","name":"IMS International Mycorrhiza Society","url":"https:\/\/mycorrhizas.org\/","logo":{"@type":"ImageObject","inLanguage":"fr-FR","@id":"https:\/\/mycorrhizas.org\/#\/schema\/logo\/image\/","url":"https:\/\/mycorrhizas.org\/wp-content\/uploads\/2025\/04\/ims_square.webp","contentUrl":"https:\/\/mycorrhizas.org\/wp-content\/uploads\/2025\/04\/ims_square.webp","width":696,"height":696,"caption":"IMS International Mycorrhiza Society"},"image":{"@id":"https:\/\/mycorrhizas.org\/#\/schema\/logo\/image\/"},"sameAs":["https:\/\/www.facebook.com\/internationalmycorrhizasociety\/","https:\/\/x.com\/mycorrhiza_ims","https:\/\/www.instagram.com\/mycorrhiza_ims\/"]}]}},"_links":{"self":[{"href":"https:\/\/mycorrhizas.org\/fr\/wp-json\/wp\/v2\/pages\/2460","targetHints":{"allow":["GET"]}}],"collection":[{"href":"https:\/\/mycorrhizas.org\/fr\/wp-json\/wp\/v2\/pages"}],"about":[{"href":"https:\/\/mycorrhizas.org\/fr\/wp-json\/wp\/v2\/types\/page"}],"author":[{"embeddable":true,"href":"https:\/\/mycorrhizas.org\/fr\/wp-json\/wp\/v2\/users\/1"}],"replies":[{"embeddable":true,"href":"https:\/\/mycorrhizas.org\/fr\/wp-json\/wp\/v2\/comments?post=2460"}],"version-history":[{"count":7,"href":"https:\/\/mycorrhizas.org\/fr\/wp-json\/wp\/v2\/pages\/2460\/revisions"}],"predecessor-version":[{"id":2705,"href":"https:\/\/mycorrhizas.org\/fr\/wp-json\/wp\/v2\/pages\/2460\/revisions\/2705"}],"wp:attachment":[{"href":"https:\/\/mycorrhizas.org\/fr\/wp-json\/wp\/v2\/media?parent=2460"}],"curies":[{"name":"wp","href":"https:\/\/api.w.org\/{rel}","templated":true}]}}