{"id":2477,"date":"2025-02-28T06:15:06","date_gmt":"2025-02-28T11:15:06","guid":{"rendered":"https:\/\/mycorrhizas.org\/privacy-policy\/"},"modified":"2025-04-01T05:52:18","modified_gmt":"2025-04-01T09:52:18","slug":"politique-de-confidentialite","status":"publish","type":"page","link":"https:\/\/mycorrhizas.org\/fr\/politique-de-confidentialite\/","title":{"rendered":"Politique de confidentialit\u00e9"},"content":{"rendered":"<h2>Que faisons-nous de vos informations\u00a0?<\/h2>\n<p>Lorsque vous effectuez un achat sur notre site web, dans le cadre de notre processus d&rsquo;achat et de vente, nous collectons les informations personnelles que vous nous fournissez, telles que votre nom, votre adresse et votre adresse e-mail.<\/p>\n<p>Lorsque vous naviguez sur notre boutique, nous recevons \u00e9galement automatiquement l&rsquo;adresse IP (protocole Internet) de votre ordinateur afin de nous fournir des informations nous permettant d&rsquo;en savoir plus sur votre navigateur et votre syst\u00e8me d&rsquo;exploitation.<\/p>\n<p>Marketing par e-mail (le cas \u00e9ch\u00e9ant)\u00a0: Avec votre permission, nous pouvons vous envoyer des e-mails concernant nos abonnements, nos nouveaux articles et autres mises \u00e0 jour.<\/p>\n<h2>Consentement<\/h2>\n<h3>Comment obtenez-vous mon consentement\u00a0?<\/h3>\n<p>Lorsque vous nous fournissez des informations personnelles pour finaliser une transaction, nous pr\u00e9sumons que vous consentez \u00e0 ce que nous les collections et les utilisions \u00e0 cette fin uniquement.<\/p>\n<p>Si nous vous demandons vos informations personnelles pour une autre raison, comme \u00e0 des fins de marketing, nous vous demanderons directement votre consentement explicite ou vous donnerons la possibilit\u00e9 de refuser.<br \/>\nComment puis-je retirer mon consentement\u00a0?<br \/>\nSi, apr\u00e8s avoir accept\u00e9, vous changez d&rsquo;avis, vous pouvez \u00e0 tout moment retirer votre consentement \u00e0 ce que nous vous contactions, \u00e0 la collecte, \u00e0 l&rsquo;utilisation ou \u00e0 la divulgation continues de vos informations en nous contactant \u00e0 l&rsquo;adresse contact@mycorrhizas.org.<\/p>\n<p>Divulgation<br \/>\nNous pouvons divulguer vos informations personnelles si la loi nous y oblige ou si vous violez nos Conditions d&rsquo;utilisation.<\/p>\n<p>Stripe<\/p>\n<p>Nous utilisons Stripe comme passerelle de paiement. Stripe nous fournit la plateforme de commerce \u00e9lectronique qui nous permet de vous vendre nos produits et services.<\/p>\n<p>Vos donn\u00e9es sont stock\u00e9es dans le stockage de donn\u00e9es et les bases de donn\u00e9es de Shopify, ainsi que dans l&rsquo;application Shopify elle-m\u00eame. Vos donn\u00e9es sont stock\u00e9es sur un serveur s\u00e9curis\u00e9 prot\u00e9g\u00e9 par un pare-feu.<\/p>\n<p>Paiement\u00a0:<br \/>\nIMS International Mycorrhiza Society ne conserve pas vos informations de carte de cr\u00e9dit.<\/p>\n<p>Si vous choisissez une passerelle de paiement direct pour finaliser votre achat, Stripe conserve vos donn\u00e9es de carte de cr\u00e9dit. Elles sont crypt\u00e9es conform\u00e9ment \u00e0 la norme de s\u00e9curit\u00e9 des donn\u00e9es de l&rsquo;industrie des cartes de paiement (PCI-DSS). Vos donn\u00e9es de transaction d&rsquo;achat sont conserv\u00e9es uniquement le temps n\u00e9cessaire \u00e0 la finalisation de votre achat. Une fois celle-ci termin\u00e9e, elles sont supprim\u00e9es.<\/p>\n<p>Toutes les passerelles de paiement direct respectent la norme PCI-DSS, g\u00e9r\u00e9e par le Conseil des normes de s\u00e9curit\u00e9 PCI, fruit d&rsquo;une collaboration entre des marques telles que Visa, MasterCard, American Express et Discover.<\/p>\n<p>Les exigences PCI-DSS garantissent le traitement s\u00e9curis\u00e9 des informations de carte de cr\u00e9dit par notre boutique et ses prestataires de services.<\/p>\n<p>Pour plus d&rsquo;informations, vous pouvez \u00e9galement consulter les Conditions d&rsquo;utilisation de Stripe ici ou la D\u00e9claration de confidentialit\u00e9 ici.<\/p>\n<h2>Services tiers<\/h2>\n<p>En g\u00e9n\u00e9ral, les prestataires tiers que nous utilisons ne collectent, n&rsquo;utilisent et ne divulguent vos informations que dans la mesure n\u00e9cessaire \u00e0 l&rsquo;ex\u00e9cution des services qu&rsquo;ils nous fournissent.<\/p>\n<p>Cependant, certains prestataires de services tiers, tels que les passerelles de paiement et autres processeurs de transactions de paiement, disposent de leurs propres politiques de confidentialit\u00e9 concernant les informations que nous sommes tenus de leur fournir pour vos transactions d&rsquo;achat.<\/p>\n<p>Nous vous recommandons de lire attentivement les politiques de confidentialit\u00e9 de ces fournisseurs afin de comprendre la mani\u00e8re dont ils traitent vos informations personnelles.<\/p>\n<p>N&rsquo;oubliez pas que certains fournisseurs peuvent \u00eatre situ\u00e9s ou avoir des installations situ\u00e9es dans une juridiction diff\u00e9rente de la v\u00f4tre ou de la n\u00f4tre. Par cons\u00e9quent, si vous choisissez de proc\u00e9der \u00e0 une transaction impliquant les services d&rsquo;un fournisseur tiers, vos informations pourraient \u00eatre soumises aux lois de la ou des juridictions dans lesquelles ce fournisseur ou ses installations sont situ\u00e9s.<\/p>\n<p>Par exemple, si vous r\u00e9sidez au Canada et que votre transaction est trait\u00e9e par une passerelle de paiement situ\u00e9e aux \u00c9tats-Unis, vos informations personnelles utilis\u00e9es pour finaliser cette transaction pourraient \u00eatre divulgu\u00e9es en vertu de la l\u00e9gislation am\u00e9ricaine, notamment du Patriot Act.<\/p>\n<p>Une fois que vous quittez le site web de notre boutique ou que vous \u00eates redirig\u00e9 vers un site web ou une application tiers, vous n&rsquo;\u00eates plus r\u00e9gi par la pr\u00e9sente Politique de confidentialit\u00e9 ni par les Conditions d&rsquo;utilisation de notre site web.<\/p>\n<h3>Liens<\/h3>\n<p>Lorsque vous cliquez sur des liens sur notre site, ceux-ci peuvent vous rediriger hors de notre site. Nous ne sommes pas responsables des pratiques de confidentialit\u00e9 des autres sites et vous encourageons \u00e0 lire leurs d\u00e9clarations de confidentialit\u00e9.<\/p>\n<h2>S\u00e9curit\u00e9<\/h2>\n<p>Afin de prot\u00e9ger vos informations personnelles, nous prenons des pr\u00e9cautions raisonnables et suivons les meilleures pratiques du secteur afin d&rsquo;\u00e9viter toute perte, utilisation abusive, consultation, divulgation, modification ou destruction inappropri\u00e9es.<\/p>\n<p>IMS International Mycorrhiza Society ne conserve pas vos informations de carte de cr\u00e9dit sur votre compte. Les passerelles de paiement telles que Stripe utilisent des passerelles de paiement telles que Stripe. Si vous nous fournissez vos informations de carte de cr\u00e9dit, elles sont chiffr\u00e9es via le protocole SSL (Secure Socket Layer) et stock\u00e9es avec un chiffrement AES-256. Bien qu&rsquo;aucune m\u00e9thode de transmission sur Internet ou de stockage \u00e9lectronique ne soit s\u00fbre \u00e0 100 %, nous respectons toutes les exigences de la norme PCI-DSS et mettons en \u0153uvre des normes suppl\u00e9mentaires g\u00e9n\u00e9ralement reconnues du secteur.<\/p>\n<h2>\u00c2ge de consentement<\/h2>\n<p>En utilisant ce site, vous d\u00e9clarez avoir atteint l&rsquo;\u00e2ge de la majorit\u00e9 dans votre \u00c9tat ou province de r\u00e9sidence, ou avoir atteint l&rsquo;\u00e2ge de la majorit\u00e9 dans votre \u00c9tat ou province de r\u00e9sidence et nous avoir donn\u00e9 votre consentement pour permettre \u00e0 toute personne mineure \u00e0 votre charge d&rsquo;utiliser ce site.<\/p>\n<h2>Modifications de cette politique de confidentialit\u00e9<\/h2>\n<p>Nous nous r\u00e9servons le droit de modifier cette politique de confidentialit\u00e9 \u00e0 tout moment. Veuillez donc la consulter r\u00e9guli\u00e8rement. Les modifications et clarifications entreront en vigueur d\u00e8s leur publication sur le site web. Si nous apportons des modifications substantielles \u00e0 cette politique, nous vous informerons ici de sa mise \u00e0 jour, afin que vous sachiez quelles informations nous collectons, comment nous les utilisons et dans quelles circonstances, le cas \u00e9ch\u00e9ant, nous les utilisons et\/ou les divulguons.<\/p>\n<h3>Questions et coordonn\u00e9es<\/h3>\n<p>Pour acc\u00e9der \u00e0 vos informations personnelles, les corriger, les modifier ou les supprimer, d\u00e9poser une plainte ou simplement pour obtenir plus d&rsquo;informations, contactez-nous \u00e0 l&rsquo;adresse contact@mycorrhizas.org<\/p>\n","protected":false},"excerpt":{"rendered":"<p>Que faisons-nous de vos informations\u00a0? Lorsque vous effectuez un achat sur notre site web, dans le cadre de notre processus d&rsquo;achat et de vente, nous collectons les informations personnelles que vous nous fournissez, telles que votre nom, votre adresse et votre adresse e-mail. Lorsque vous naviguez sur notre boutique, nous recevons \u00e9galement automatiquement l&rsquo;adresse IP [&hellip;]<\/p>\n","protected":false},"author":1,"featured_media":0,"parent":0,"menu_order":0,"comment_status":"closed","ping_status":"open","template":"templates\/text.php","meta":{"_acf_changed":false,"inline_featured_image":false,"footnotes":""},"class_list":["post-2477","page","type-page","status-publish","hentry"],"acf":[],"yoast_head":"<!-- This site is optimized with the Yoast SEO plugin v26.9 - https:\/\/yoast.com\/product\/yoast-seo-wordpress\/ -->\n<title>Politique de confidentialit\u00e9 - IMS International Mycorrhiza Society<\/title>\n<meta name=\"robots\" content=\"index, follow, max-snippet:-1, max-image-preview:large, max-video-preview:-1\" \/>\n<link rel=\"canonical\" href=\"https:\/\/mycorrhizas.org\/fr\/politique-de-confidentialite\/\" \/>\n<meta property=\"og:locale\" content=\"fr_FR\" \/>\n<meta property=\"og:type\" content=\"article\" \/>\n<meta property=\"og:title\" content=\"Politique de confidentialit\u00e9 - IMS International Mycorrhiza Society\" \/>\n<meta property=\"og:description\" content=\"Que faisons-nous de vos informations\u00a0? Lorsque vous effectuez un achat sur notre site web, dans le cadre de notre processus d&rsquo;achat et de vente, nous collectons les informations personnelles que vous nous fournissez, telles que votre nom, votre adresse et votre adresse e-mail. Lorsque vous naviguez sur notre boutique, nous recevons \u00e9galement automatiquement l&rsquo;adresse IP [&hellip;]\" \/>\n<meta property=\"og:url\" content=\"https:\/\/mycorrhizas.org\/fr\/politique-de-confidentialite\/\" \/>\n<meta property=\"og:site_name\" content=\"IMS International Mycorrhiza Society\" \/>\n<meta property=\"article:publisher\" content=\"https:\/\/www.facebook.com\/internationalmycorrhizasociety\/\" \/>\n<meta property=\"article:modified_time\" content=\"2025-04-01T09:52:18+00:00\" \/>\n<meta property=\"og:image\" content=\"https:\/\/mycorrhizas.org\/wp-content\/uploads\/2025\/04\/ims.webp\" \/>\n\t<meta property=\"og:image:width\" content=\"1200\" \/>\n\t<meta property=\"og:image:height\" content=\"675\" \/>\n\t<meta property=\"og:image:type\" content=\"image\/webp\" \/>\n<meta name=\"twitter:card\" content=\"summary_large_image\" \/>\n<meta name=\"twitter:site\" content=\"@mycorrhiza_ims\" \/>\n<meta name=\"twitter:label1\" content=\"Dur\u00e9e de lecture estim\u00e9e\" \/>\n\t<meta name=\"twitter:data1\" content=\"5 minutes\" \/>\n<script type=\"application\/ld+json\" class=\"yoast-schema-graph\">{\"@context\":\"https:\/\/schema.org\",\"@graph\":[{\"@type\":\"WebPage\",\"@id\":\"https:\/\/mycorrhizas.org\/fr\/politique-de-confidentialite\/\",\"url\":\"https:\/\/mycorrhizas.org\/fr\/politique-de-confidentialite\/\",\"name\":\"Politique de confidentialit\u00e9 - IMS International Mycorrhiza Society\",\"isPartOf\":{\"@id\":\"https:\/\/mycorrhizas.org\/#website\"},\"datePublished\":\"2025-02-28T11:15:06+00:00\",\"dateModified\":\"2025-04-01T09:52:18+00:00\",\"breadcrumb\":{\"@id\":\"https:\/\/mycorrhizas.org\/fr\/politique-de-confidentialite\/#breadcrumb\"},\"inLanguage\":\"fr-FR\",\"potentialAction\":[{\"@type\":\"ReadAction\",\"target\":[\"https:\/\/mycorrhizas.org\/fr\/politique-de-confidentialite\/\"]}]},{\"@type\":\"BreadcrumbList\",\"@id\":\"https:\/\/mycorrhizas.org\/fr\/politique-de-confidentialite\/#breadcrumb\",\"itemListElement\":[{\"@type\":\"ListItem\",\"position\":1,\"name\":\"Home\",\"item\":\"https:\/\/mycorrhizas.org\/fr\/\"},{\"@type\":\"ListItem\",\"position\":2,\"name\":\"Politique de confidentialit\u00e9\"}]},{\"@type\":\"WebSite\",\"@id\":\"https:\/\/mycorrhizas.org\/#website\",\"url\":\"https:\/\/mycorrhizas.org\/\",\"name\":\"IMS International Mycorrhiza Society\",\"description\":\"\",\"publisher\":{\"@id\":\"https:\/\/mycorrhizas.org\/#organization\"},\"potentialAction\":[{\"@type\":\"SearchAction\",\"target\":{\"@type\":\"EntryPoint\",\"urlTemplate\":\"https:\/\/mycorrhizas.org\/?s={search_term_string}\"},\"query-input\":{\"@type\":\"PropertyValueSpecification\",\"valueRequired\":true,\"valueName\":\"search_term_string\"}}],\"inLanguage\":\"fr-FR\"},{\"@type\":\"Organization\",\"@id\":\"https:\/\/mycorrhizas.org\/#organization\",\"name\":\"IMS International Mycorrhiza Society\",\"url\":\"https:\/\/mycorrhizas.org\/\",\"logo\":{\"@type\":\"ImageObject\",\"inLanguage\":\"fr-FR\",\"@id\":\"https:\/\/mycorrhizas.org\/#\/schema\/logo\/image\/\",\"url\":\"https:\/\/mycorrhizas.org\/wp-content\/uploads\/2025\/04\/ims_square.webp\",\"contentUrl\":\"https:\/\/mycorrhizas.org\/wp-content\/uploads\/2025\/04\/ims_square.webp\",\"width\":696,\"height\":696,\"caption\":\"IMS International Mycorrhiza Society\"},\"image\":{\"@id\":\"https:\/\/mycorrhizas.org\/#\/schema\/logo\/image\/\"},\"sameAs\":[\"https:\/\/www.facebook.com\/internationalmycorrhizasociety\/\",\"https:\/\/x.com\/mycorrhiza_ims\",\"https:\/\/www.instagram.com\/mycorrhiza_ims\/\"]}]}<\/script>\n<!-- \/ Yoast SEO plugin. -->","yoast_head_json":{"title":"Politique de confidentialit\u00e9 - IMS International Mycorrhiza Society","robots":{"index":"index","follow":"follow","max-snippet":"max-snippet:-1","max-image-preview":"max-image-preview:large","max-video-preview":"max-video-preview:-1"},"canonical":"https:\/\/mycorrhizas.org\/fr\/politique-de-confidentialite\/","og_locale":"fr_FR","og_type":"article","og_title":"Politique de confidentialit\u00e9 - IMS International Mycorrhiza Society","og_description":"Que faisons-nous de vos informations\u00a0? Lorsque vous effectuez un achat sur notre site web, dans le cadre de notre processus d&rsquo;achat et de vente, nous collectons les informations personnelles que vous nous fournissez, telles que votre nom, votre adresse et votre adresse e-mail. Lorsque vous naviguez sur notre boutique, nous recevons \u00e9galement automatiquement l&rsquo;adresse IP [&hellip;]","og_url":"https:\/\/mycorrhizas.org\/fr\/politique-de-confidentialite\/","og_site_name":"IMS International Mycorrhiza Society","article_publisher":"https:\/\/www.facebook.com\/internationalmycorrhizasociety\/","article_modified_time":"2025-04-01T09:52:18+00:00","og_image":[{"width":1200,"height":675,"url":"https:\/\/mycorrhizas.org\/wp-content\/uploads\/2025\/04\/ims.webp","type":"image\/webp"}],"twitter_card":"summary_large_image","twitter_site":"@mycorrhiza_ims","twitter_misc":{"Dur\u00e9e de lecture estim\u00e9e":"5 minutes"},"schema":{"@context":"https:\/\/schema.org","@graph":[{"@type":"WebPage","@id":"https:\/\/mycorrhizas.org\/fr\/politique-de-confidentialite\/","url":"https:\/\/mycorrhizas.org\/fr\/politique-de-confidentialite\/","name":"Politique de confidentialit\u00e9 - IMS International Mycorrhiza Society","isPartOf":{"@id":"https:\/\/mycorrhizas.org\/#website"},"datePublished":"2025-02-28T11:15:06+00:00","dateModified":"2025-04-01T09:52:18+00:00","breadcrumb":{"@id":"https:\/\/mycorrhizas.org\/fr\/politique-de-confidentialite\/#breadcrumb"},"inLanguage":"fr-FR","potentialAction":[{"@type":"ReadAction","target":["https:\/\/mycorrhizas.org\/fr\/politique-de-confidentialite\/"]}]},{"@type":"BreadcrumbList","@id":"https:\/\/mycorrhizas.org\/fr\/politique-de-confidentialite\/#breadcrumb","itemListElement":[{"@type":"ListItem","position":1,"name":"Home","item":"https:\/\/mycorrhizas.org\/fr\/"},{"@type":"ListItem","position":2,"name":"Politique de confidentialit\u00e9"}]},{"@type":"WebSite","@id":"https:\/\/mycorrhizas.org\/#website","url":"https:\/\/mycorrhizas.org\/","name":"IMS International Mycorrhiza Society","description":"","publisher":{"@id":"https:\/\/mycorrhizas.org\/#organization"},"potentialAction":[{"@type":"SearchAction","target":{"@type":"EntryPoint","urlTemplate":"https:\/\/mycorrhizas.org\/?s={search_term_string}"},"query-input":{"@type":"PropertyValueSpecification","valueRequired":true,"valueName":"search_term_string"}}],"inLanguage":"fr-FR"},{"@type":"Organization","@id":"https:\/\/mycorrhizas.org\/#organization","name":"IMS International Mycorrhiza Society","url":"https:\/\/mycorrhizas.org\/","logo":{"@type":"ImageObject","inLanguage":"fr-FR","@id":"https:\/\/mycorrhizas.org\/#\/schema\/logo\/image\/","url":"https:\/\/mycorrhizas.org\/wp-content\/uploads\/2025\/04\/ims_square.webp","contentUrl":"https:\/\/mycorrhizas.org\/wp-content\/uploads\/2025\/04\/ims_square.webp","width":696,"height":696,"caption":"IMS International Mycorrhiza Society"},"image":{"@id":"https:\/\/mycorrhizas.org\/#\/schema\/logo\/image\/"},"sameAs":["https:\/\/www.facebook.com\/internationalmycorrhizasociety\/","https:\/\/x.com\/mycorrhiza_ims","https:\/\/www.instagram.com\/mycorrhiza_ims\/"]}]}},"_links":{"self":[{"href":"https:\/\/mycorrhizas.org\/fr\/wp-json\/wp\/v2\/pages\/2477","targetHints":{"allow":["GET"]}}],"collection":[{"href":"https:\/\/mycorrhizas.org\/fr\/wp-json\/wp\/v2\/pages"}],"about":[{"href":"https:\/\/mycorrhizas.org\/fr\/wp-json\/wp\/v2\/types\/page"}],"author":[{"embeddable":true,"href":"https:\/\/mycorrhizas.org\/fr\/wp-json\/wp\/v2\/users\/1"}],"replies":[{"embeddable":true,"href":"https:\/\/mycorrhizas.org\/fr\/wp-json\/wp\/v2\/comments?post=2477"}],"version-history":[{"count":4,"href":"https:\/\/mycorrhizas.org\/fr\/wp-json\/wp\/v2\/pages\/2477\/revisions"}],"predecessor-version":[{"id":2583,"href":"https:\/\/mycorrhizas.org\/fr\/wp-json\/wp\/v2\/pages\/2477\/revisions\/2583"}],"wp:attachment":[{"href":"https:\/\/mycorrhizas.org\/fr\/wp-json\/wp\/v2\/media?parent=2477"}],"curies":[{"name":"wp","href":"https:\/\/api.w.org\/{rel}","templated":true}]}}